{"id":27,"date":"2025-04-27T20:55:19","date_gmt":"2025-04-27T20:55:19","guid":{"rendered":"https:\/\/szallaseger.hu\/?page_id=27"},"modified":"2025-12-29T19:55:19","modified_gmt":"2025-12-29T19:55:19","slug":"elerhetoseg","status":"publish","type":"page","link":"https:\/\/szallaseger.hu\/english\/elerhetoseg\/","title":{"rendered":"El\u00e9rhet\u0151s\u00e9g"},"content":{"rendered":"<p>C\u00edm: 3300 Eger, J\u00f3kai M\u00f3r utca 6. F\u00f6ldszint<\/p>\n\n\n\n<p>Telefon: +36 70 88 34 386<\/p>\n\n\n\n<p>E-mail: <a href=\"mailto:princessvendeghaz@gmail.com\">info@szallaseger.hu<\/a><\/p>","protected":false},"excerpt":{"rendered":"<p>C\u00edm: 3300 Eger, J\u00f3kai M\u00f3r utca 6. F\u00f6ldszint Telefon: +36 70 88 34 386 E-mail: info@szallaseger.hu<\/p>","protected":false},"author":1,"featured_media":153,"parent":0,"menu_order":0,"comment_status":"closed","ping_status":"closed","template":"","meta":{"footnotes":""},"class_list":["post-27","page","type-page","status-publish","has-post-thumbnail","hentry"],"yoast_head":"<!-- This site is optimized with the Yoast SEO plugin v25.1 - https:\/\/yoast.com\/wordpress\/plugins\/seo\/ -->\n<title>El\u00e9rhet\u0151s\u00e9g - Moonlight Apartman<\/title>\n<meta name=\"robots\" content=\"index, follow, max-snippet:-1, max-image-preview:large, max-video-preview:-1\" \/>\n<link rel=\"canonical\" href=\"https:\/\/szallaseger.hu\/english\/elerhetoseg\/\" \/>\n<meta property=\"og:locale\" content=\"en_US\" \/>\n<meta property=\"og:type\" content=\"article\" \/>\n<meta property=\"og:title\" content=\"El\u00e9rhet\u0151s\u00e9g - Moonlight Apartman\" \/>\n<meta property=\"og:description\" content=\"C\u00edm: 3300 Eger, J\u00f3kai M\u00f3r utca 6. F\u00f6ldszint Telefon: +36 70 88 34 386 E-mail: info@szallaseger.hu\" \/>\n<meta property=\"og:url\" content=\"https:\/\/szallaseger.hu\/english\/elerhetoseg\/\" \/>\n<meta property=\"og:site_name\" content=\"Moonlight Apartman\" \/>\n<meta property=\"article:publisher\" content=\"https:\/\/facebook.com\/princessvendeghaz\" \/>\n<meta property=\"article:modified_time\" content=\"2025-12-29T19:55:19+00:00\" \/>\n<meta property=\"og:image\" content=\"https:\/\/szallaseger.hu\/wp-content\/uploads\/2025\/12\/Image00021-scaled.jpg\" \/>\n\t<meta property=\"og:image:width\" content=\"1920\" \/>\n\t<meta property=\"og:image:height\" content=\"2560\" \/>\n\t<meta property=\"og:image:type\" content=\"image\/jpeg\" \/>\n<meta name=\"twitter:card\" content=\"summary_large_image\" \/>\n<meta name=\"twitter:label1\" content=\"Est. reading time\" \/>\n\t<meta name=\"twitter:data1\" content=\"1 minute\" \/>\n<script type=\"application\/ld+json\" class=\"yoast-schema-graph\">{\"@context\":\"https:\/\/schema.org\",\"@graph\":[{\"@type\":\"WebPage\",\"@id\":\"https:\/\/szallaseger.hu\/elerhetoseg\/\",\"url\":\"https:\/\/szallaseger.hu\/elerhetoseg\/\",\"name\":\"El\u00e9rhet\u0151s\u00e9g - Moonlight Apartman\",\"isPartOf\":{\"@id\":\"https:\/\/szallaseger.hu\/#website\"},\"primaryImageOfPage\":{\"@id\":\"https:\/\/szallaseger.hu\/elerhetoseg\/#primaryimage\"},\"image\":{\"@id\":\"https:\/\/szallaseger.hu\/elerhetoseg\/#primaryimage\"},\"thumbnailUrl\":\"https:\/\/szallaseger.hu\/wp-content\/uploads\/2025\/12\/Image00021-scaled.jpg\",\"datePublished\":\"2025-04-27T20:55:19+00:00\",\"dateModified\":\"2025-12-29T19:55:19+00:00\",\"breadcrumb\":{\"@id\":\"https:\/\/szallaseger.hu\/elerhetoseg\/#breadcrumb\"},\"inLanguage\":\"en-US\",\"potentialAction\":[{\"@type\":\"ReadAction\",\"target\":[\"https:\/\/szallaseger.hu\/elerhetoseg\/\"]}]},{\"@type\":\"ImageObject\",\"inLanguage\":\"en-US\",\"@id\":\"https:\/\/szallaseger.hu\/elerhetoseg\/#primaryimage\",\"url\":\"https:\/\/szallaseger.hu\/wp-content\/uploads\/2025\/12\/Image00021-scaled.jpg\",\"contentUrl\":\"https:\/\/szallaseger.hu\/wp-content\/uploads\/2025\/12\/Image00021-scaled.jpg\",\"width\":1920,\"height\":2560},{\"@type\":\"BreadcrumbList\",\"@id\":\"https:\/\/szallaseger.hu\/elerhetoseg\/#breadcrumb\",\"itemListElement\":[{\"@type\":\"ListItem\",\"position\":1,\"name\":\"Kezd\u0151lap\",\"item\":\"https:\/\/szallaseger.hu\/\"},{\"@type\":\"ListItem\",\"position\":2,\"name\":\"El\u00e9rhet\u0151s\u00e9g\"}]},{\"@type\":\"WebSite\",\"@id\":\"https:\/\/szallaseger.hu\/#website\",\"url\":\"https:\/\/szallaseger.hu\/\",\"name\":\"Princess Vend\u00e9gh\u00e1z Eger\",\"description\":\"\",\"publisher\":{\"@id\":\"https:\/\/szallaseger.hu\/#\/schema\/person\/4c91ae43afe31dea35852879e3b9cc2c\"},\"potentialAction\":[{\"@type\":\"SearchAction\",\"target\":{\"@type\":\"EntryPoint\",\"urlTemplate\":\"https:\/\/szallaseger.hu\/?s={search_term_string}\"},\"query-input\":{\"@type\":\"PropertyValueSpecification\",\"valueRequired\":true,\"valueName\":\"search_term_string\"}}],\"inLanguage\":\"en-US\"},{\"@type\":[\"Person\",\"Organization\"],\"@id\":\"https:\/\/szallaseger.hu\/#\/schema\/person\/4c91ae43afe31dea35852879e3b9cc2c\",\"name\":\"Tam\u00e1s Buly\u00e1ki\",\"image\":{\"@type\":\"ImageObject\",\"inLanguage\":\"en-US\",\"@id\":\"https:\/\/szallaseger.hu\/#\/schema\/person\/image\/\",\"url\":\"https:\/\/szallaseger.hu\/wp-content\/uploads\/2024\/11\/egerfav.png\",\"contentUrl\":\"https:\/\/szallaseger.hu\/wp-content\/uploads\/2024\/11\/egerfav.png\",\"width\":25,\"height\":25,\"caption\":\"Tam\u00e1s Buly\u00e1ki\"},\"logo\":{\"@id\":\"https:\/\/szallaseger.hu\/#\/schema\/person\/image\/\"},\"sameAs\":[\"https:\/\/szallaseger.hu\",\"https:\/\/facebook.com\/princessvendeghaz\"]}]}<\/script>\n<!-- \/ Yoast SEO plugin. -->","yoast_head_json":{"title":"El\u00e9rhet\u0151s\u00e9g - Moonlight Apartman","robots":{"index":"index","follow":"follow","max-snippet":"max-snippet:-1","max-image-preview":"max-image-preview:large","max-video-preview":"max-video-preview:-1"},"canonical":"https:\/\/szallaseger.hu\/english\/elerhetoseg\/","og_locale":"en_US","og_type":"article","og_title":"El\u00e9rhet\u0151s\u00e9g - Moonlight Apartman","og_description":"C\u00edm: 3300 Eger, J\u00f3kai M\u00f3r utca 6. F\u00f6ldszint Telefon: +36 70 88 34 386 E-mail: info@szallaseger.hu","og_url":"https:\/\/szallaseger.hu\/english\/elerhetoseg\/","og_site_name":"Moonlight Apartman","article_publisher":"https:\/\/facebook.com\/princessvendeghaz","article_modified_time":"2025-12-29T19:55:19+00:00","og_image":[{"width":1920,"height":2560,"url":"https:\/\/szallaseger.hu\/wp-content\/uploads\/2025\/12\/Image00021-scaled.jpg","type":"image\/jpeg"}],"twitter_card":"summary_large_image","twitter_misc":{"Est. reading time":"1 minute"},"schema":{"@context":"https:\/\/schema.org","@graph":[{"@type":"WebPage","@id":"https:\/\/szallaseger.hu\/elerhetoseg\/","url":"https:\/\/szallaseger.hu\/elerhetoseg\/","name":"El\u00e9rhet\u0151s\u00e9g - Moonlight Apartman","isPartOf":{"@id":"https:\/\/szallaseger.hu\/#website"},"primaryImageOfPage":{"@id":"https:\/\/szallaseger.hu\/elerhetoseg\/#primaryimage"},"image":{"@id":"https:\/\/szallaseger.hu\/elerhetoseg\/#primaryimage"},"thumbnailUrl":"https:\/\/szallaseger.hu\/wp-content\/uploads\/2025\/12\/Image00021-scaled.jpg","datePublished":"2025-04-27T20:55:19+00:00","dateModified":"2025-12-29T19:55:19+00:00","breadcrumb":{"@id":"https:\/\/szallaseger.hu\/elerhetoseg\/#breadcrumb"},"inLanguage":"en-US","potentialAction":[{"@type":"ReadAction","target":["https:\/\/szallaseger.hu\/elerhetoseg\/"]}]},{"@type":"ImageObject","inLanguage":"en-US","@id":"https:\/\/szallaseger.hu\/elerhetoseg\/#primaryimage","url":"https:\/\/szallaseger.hu\/wp-content\/uploads\/2025\/12\/Image00021-scaled.jpg","contentUrl":"https:\/\/szallaseger.hu\/wp-content\/uploads\/2025\/12\/Image00021-scaled.jpg","width":1920,"height":2560},{"@type":"BreadcrumbList","@id":"https:\/\/szallaseger.hu\/elerhetoseg\/#breadcrumb","itemListElement":[{"@type":"ListItem","position":1,"name":"Kezd\u0151lap","item":"https:\/\/szallaseger.hu\/"},{"@type":"ListItem","position":2,"name":"El\u00e9rhet\u0151s\u00e9g"}]},{"@type":"WebSite","@id":"https:\/\/szallaseger.hu\/#website","url":"https:\/\/szallaseger.hu\/","name":"Princess Guesthouse - Eger","description":"","publisher":{"@id":"https:\/\/szallaseger.hu\/#\/schema\/person\/4c91ae43afe31dea35852879e3b9cc2c"},"potentialAction":[{"@type":"SearchAction","target":{"@type":"EntryPoint","urlTemplate":"https:\/\/szallaseger.hu\/?s={search_term_string}"},"query-input":{"@type":"PropertyValueSpecification","valueRequired":true,"valueName":"search_term_string"}}],"inLanguage":"en-US"},{"@type":["Person","Organization"],"@id":"https:\/\/szallaseger.hu\/#\/schema\/person\/4c91ae43afe31dea35852879e3b9cc2c","name":"Tam\u00e1s Buly\u00e1ki","image":{"@type":"ImageObject","inLanguage":"en-US","@id":"https:\/\/szallaseger.hu\/#\/schema\/person\/image\/","url":"https:\/\/szallaseger.hu\/wp-content\/uploads\/2024\/11\/egerfav.png","contentUrl":"https:\/\/szallaseger.hu\/wp-content\/uploads\/2024\/11\/egerfav.png","width":25,"height":25,"caption":"Tam\u00e1s Buly\u00e1ki"},"logo":{"@id":"https:\/\/szallaseger.hu\/#\/schema\/person\/image\/"},"sameAs":["https:\/\/szallaseger.hu","https:\/\/facebook.com\/princessvendeghaz"]}]}},"_links":{"self":[{"href":"https:\/\/szallaseger.hu\/english\/wp-json\/wp\/v2\/pages\/27","targetHints":{"allow":["GET"]}}],"collection":[{"href":"https:\/\/szallaseger.hu\/english\/wp-json\/wp\/v2\/pages"}],"about":[{"href":"https:\/\/szallaseger.hu\/english\/wp-json\/wp\/v2\/types\/page"}],"author":[{"embeddable":true,"href":"https:\/\/szallaseger.hu\/english\/wp-json\/wp\/v2\/users\/1"}],"replies":[{"embeddable":true,"href":"https:\/\/szallaseger.hu\/english\/wp-json\/wp\/v2\/comments?post=27"}],"version-history":[{"count":3,"href":"https:\/\/szallaseger.hu\/english\/wp-json\/wp\/v2\/pages\/27\/revisions"}],"predecessor-version":[{"id":131,"href":"https:\/\/szallaseger.hu\/english\/wp-json\/wp\/v2\/pages\/27\/revisions\/131"}],"wp:featuredmedia":[{"embeddable":true,"href":"https:\/\/szallaseger.hu\/english\/wp-json\/wp\/v2\/media\/153"}],"wp:attachment":[{"href":"https:\/\/szallaseger.hu\/english\/wp-json\/wp\/v2\/media?parent=27"}],"curies":[{"name":"wp","href":"https:\/\/api.w.org\/{rel}","templated":true}]}}